{"id":1465,"date":"2023-09-22T17:56:31","date_gmt":"2023-09-22T15:56:31","guid":{"rendered":"https:\/\/rotospace.justidea.dev\/?page_id=1465"},"modified":"2023-12-21T13:15:24","modified_gmt":"2023-12-21T12:15:24","slug":"analyse-des-auftragsprojektes","status":"publish","type":"page","link":"https:\/\/rotospace.pl\/de\/dienstleistungen\/analyse-des-auftragsprojektes\/","title":{"rendered":"Analyse des Auftragsprojektes"},"content":{"rendered":"<p align=\"justify\"><span style=\"color: #222222;\"><span style=\"font-size: medium;\"><span lang=\"de\">Unsere Dienstleistung besteht aus einer Bewertung des Konzeptes, der Machbarkeit und aus der Preisgestaltung. Sobald wir vom Kunden das Modell zur Herstellung der Form erhalten haben, k\u00f6nnen wir beurteilen, ob das Projekt aus technologischer Sicht optimal ist. Mit unserem Fachwissen sind wir in der Lage, die entsprechenden \u00c4nderungen an solchen Entw\u00fcrfen vorzunehmen, so dass das Endergebnis der Perfektion nahe kommt. Wir sind der festen \u00dcberzeugung, dass jedes von uns entwickelte Produkt den h\u00f6chsten Qualit\u00e4tsstandards entsprechen sollte. Mit <\/span><\/span><\/span><span style=\"color: #222222;\"><span style=\"font-size: medium;\"><span lang=\"de\"><b>TechStandard\u2122<\/b><\/span><\/span><\/span><span style=\"color: #222222;\"><span style=\"font-size: medium;\"><span lang=\"de\"> stellen wir sicher, dass das Endprodukt nicht nur die Erwartungen des Kunden erf\u00fcllt, sondern auch die Kosten f\u00fcr die Herstellung der Form reduziert und die Kosten f\u00fcr die Herstellung des Endproduktes effektiv gesenkt werden.<\/span><\/span><\/span><\/p>\n","protected":false},"excerpt":{"rendered":"<p>Unsere Dienstleistung besteht aus einer Bewertung des Konzeptes, der Machbarkeit und aus der Preisgestaltung. Sobald wir vom Kunden das Modell zur Herstellung der Form erhalten haben, k\u00f6nnen wir beurteilen, ob das Projekt aus technologischer Sicht optimal ist. Mit unserem Fachwissen sind wir in der Lage, die entsprechenden \u00c4nderungen an solchen Entw\u00fcrfen vorzunehmen, so dass das [&hellip;]<\/p>\n","protected":false},"author":2,"featured_media":879,"parent":1443,"menu_order":0,"comment_status":"closed","ping_status":"closed","template":"page-templates\/services-subpage.php","meta":{"_acf_changed":false,"footnotes":""},"class_list":["post-1465","page","type-page","status-publish","has-post-thumbnail","hentry"],"acf":[],"_links":{"self":[{"href":"https:\/\/rotospace.pl\/de\/wp-json\/wp\/v2\/pages\/1465","targetHints":{"allow":["GET"]}}],"collection":[{"href":"https:\/\/rotospace.pl\/de\/wp-json\/wp\/v2\/pages"}],"about":[{"href":"https:\/\/rotospace.pl\/de\/wp-json\/wp\/v2\/types\/page"}],"author":[{"embeddable":true,"href":"https:\/\/rotospace.pl\/de\/wp-json\/wp\/v2\/users\/2"}],"replies":[{"embeddable":true,"href":"https:\/\/rotospace.pl\/de\/wp-json\/wp\/v2\/comments?post=1465"}],"version-history":[{"count":6,"href":"https:\/\/rotospace.pl\/de\/wp-json\/wp\/v2\/pages\/1465\/revisions"}],"predecessor-version":[{"id":2170,"href":"https:\/\/rotospace.pl\/de\/wp-json\/wp\/v2\/pages\/1465\/revisions\/2170"}],"up":[{"embeddable":true,"href":"https:\/\/rotospace.pl\/de\/wp-json\/wp\/v2\/pages\/1443"}],"wp:featuredmedia":[{"embeddable":true,"href":"https:\/\/rotospace.pl\/de\/wp-json\/wp\/v2\/media\/879"}],"wp:attachment":[{"href":"https:\/\/rotospace.pl\/de\/wp-json\/wp\/v2\/media?parent=1465"}],"curies":[{"name":"wp","href":"https:\/\/api.w.org\/{rel}","templated":true}]}}