{"id":1448,"date":"2023-09-22T17:56:31","date_gmt":"2023-09-22T15:56:31","guid":{"rendered":"https:\/\/rotospace.justidea.dev\/?page_id=1448"},"modified":"2023-12-14T13:46:52","modified_gmt":"2023-12-14T12:46:52","slug":"1448-2","status":"publish","type":"page","link":"https:\/\/rotospace.pl\/de\/dienstleistungen\/1448-2\/","title":{"rendered":"Umfassende Umsetzung von Rotomoulding-Projekten"},"content":{"rendered":"<p align=\"justify\"><span style=\"color: #222222;\"><span style=\"font-size: medium;\"><span lang=\"de\">Bei Rotospace k\u00fcmmern wir uns um jede Phase der Umsetzung &#8211; vom Entwurf \u00fcber den Formenbau, die Auswahl der optimalen Materialien, die Konfektionierung und Vormontage bis hin zur Verpackung und Lieferung an die angegebene Adresse. In einem Gespr\u00e4ch mit dem Kunden entdecken wir seine Erwartungen. Auf der Grundlage der gesammelten Informationen erstellen wir ein Angebot und entwickeln den gesamten Entwicklungsprozess. Wenn Sie mit uns zusammenarbeiten, brauchen Sie sich um nichts zu k\u00fcmmern &#8211; wir setzen jede Ihrer Ideen von Anfang bis Ende mit \u00e4u\u00dferster Pr\u00e4zision um. W\u00e4hrend des gesamten Rotomoulding-Prozesses sind wir bestrebt, neue Ma\u00dfst\u00e4be in Bezug auf Qualit\u00e4t und Produktionsm\u00f6glichkeiten zu setzen, um die Erwartungen unserer Kunden stets zu \u00fcbertreffen.<\/span><\/span><\/span><\/p>\n","protected":false},"excerpt":{"rendered":"<p>Bei Rotospace k\u00fcmmern wir uns um jede Phase der Umsetzung &#8211; vom Entwurf \u00fcber den Formenbau, die Auswahl der optimalen Materialien, die Konfektionierung und Vormontage bis hin zur Verpackung und Lieferung an die angegebene Adresse. In einem Gespr\u00e4ch mit dem Kunden entdecken wir seine Erwartungen. Auf der Grundlage der gesammelten Informationen erstellen wir ein Angebot [&hellip;]<\/p>\n","protected":false},"author":2,"featured_media":1125,"parent":1443,"menu_order":0,"comment_status":"closed","ping_status":"closed","template":"page-templates\/services-subpage.php","meta":{"_acf_changed":false,"footnotes":""},"class_list":["post-1448","page","type-page","status-publish","has-post-thumbnail","hentry"],"acf":[],"_links":{"self":[{"href":"https:\/\/rotospace.pl\/de\/wp-json\/wp\/v2\/pages\/1448","targetHints":{"allow":["GET"]}}],"collection":[{"href":"https:\/\/rotospace.pl\/de\/wp-json\/wp\/v2\/pages"}],"about":[{"href":"https:\/\/rotospace.pl\/de\/wp-json\/wp\/v2\/types\/page"}],"author":[{"embeddable":true,"href":"https:\/\/rotospace.pl\/de\/wp-json\/wp\/v2\/users\/2"}],"replies":[{"embeddable":true,"href":"https:\/\/rotospace.pl\/de\/wp-json\/wp\/v2\/comments?post=1448"}],"version-history":[{"count":5,"href":"https:\/\/rotospace.pl\/de\/wp-json\/wp\/v2\/pages\/1448\/revisions"}],"predecessor-version":[{"id":1876,"href":"https:\/\/rotospace.pl\/de\/wp-json\/wp\/v2\/pages\/1448\/revisions\/1876"}],"up":[{"embeddable":true,"href":"https:\/\/rotospace.pl\/de\/wp-json\/wp\/v2\/pages\/1443"}],"wp:featuredmedia":[{"embeddable":true,"href":"https:\/\/rotospace.pl\/de\/wp-json\/wp\/v2\/media\/1125"}],"wp:attachment":[{"href":"https:\/\/rotospace.pl\/de\/wp-json\/wp\/v2\/media?parent=1448"}],"curies":[{"name":"wp","href":"https:\/\/api.w.org\/{rel}","templated":true}]}}