{"id":1393,"date":"2023-09-13T13:11:14","date_gmt":"2023-09-13T11:11:14","guid":{"rendered":"https:\/\/rotospace.justidea.dev\/?page_id=1393"},"modified":"2023-12-04T11:09:46","modified_gmt":"2023-12-04T10:09:46","slug":"warum-wir","status":"publish","type":"page","link":"https:\/\/rotospace.pl\/de\/warum-wir\/","title":{"rendered":"Warum wir"},"content":{"rendered":"<p align=\"left\"><span style=\"font-size: medium;\"><span lang=\"de\">Wir sind ein Unternehmen, das Pr\u00e4zision und Perfektion des Produktes \u00fcber die Massenproduktion von einfachen Details stellt.<\/span><\/span><\/p>\n<p align=\"left\"><span style=\"font-size: medium;\"><span lang=\"de\">Unsere eigenen Standards und Verfahren, die das Konzept <\/span><\/span><span style=\"font-size: medium;\"><span lang=\"de\"><b>RotoMoulding 2.0<\/b><\/span><\/span><span style=\"font-size: medium;\"><span lang=\"de\"> ausmachen, heben uns von der Masse ab und garantieren, dass wir Qualit\u00e4tsprodukte umsetzen und liefern.<\/span><\/span><\/p>\n<p align=\"left\"><span style=\"font-size: medium;\"><span lang=\"de\">Wir wissen, wie wir die Erwartungen anspruchsvoller Kunden erf\u00fcllen k\u00f6nnen, denn unserem Unternehmen liegt das Aufeinanderprallen zweier Sichtweisen zugrunde: die des Kunden, der Kunststoffteile verwendet, und die des Herstellers mit \u00fcber 20 Jahren Erfahrung im Rotomoulding. <\/span><\/span><\/p>\n<p align=\"left\"><span style=\"font-size: medium;\"><span lang=\"de\">Schon im ersten Gespr\u00e4ch mit dem Kunden bieten wir Kontakt zu einem engagierten Fachmann. Dank seinen Kenntnissen \u00fcber das Rotomoulding ist es m\u00f6glich, das Wesen des Projektes und die Funktion des betreffenden Produktes zu verstehen und herauszufinden, wie wir es verbessern und seine Kosten optimieren k\u00f6nnen, w\u00e4hrend wir gleichzeitig seine \u00fcberdurchschnittliche Haltbarkeit gew\u00e4hrleisten.<\/span><\/span><\/p>\n","protected":false},"excerpt":{"rendered":"<p>Wir sind ein Unternehmen, das Pr\u00e4zision und Perfektion des Produktes \u00fcber die Massenproduktion von einfachen Details stellt. Unsere eigenen Standards und Verfahren, die das Konzept RotoMoulding 2.0 ausmachen, heben uns von der Masse ab und garantieren, dass wir Qualit\u00e4tsprodukte umsetzen und liefern. Wir wissen, wie wir die Erwartungen anspruchsvoller Kunden erf\u00fcllen k\u00f6nnen, denn unserem Unternehmen [&hellip;]<\/p>\n","protected":false},"author":2,"featured_media":0,"parent":0,"menu_order":0,"comment_status":"closed","ping_status":"closed","template":"page-templates\/why-us.php","meta":{"_acf_changed":false,"footnotes":""},"class_list":["post-1393","page","type-page","status-publish","hentry"],"acf":[],"_links":{"self":[{"href":"https:\/\/rotospace.pl\/de\/wp-json\/wp\/v2\/pages\/1393","targetHints":{"allow":["GET"]}}],"collection":[{"href":"https:\/\/rotospace.pl\/de\/wp-json\/wp\/v2\/pages"}],"about":[{"href":"https:\/\/rotospace.pl\/de\/wp-json\/wp\/v2\/types\/page"}],"author":[{"embeddable":true,"href":"https:\/\/rotospace.pl\/de\/wp-json\/wp\/v2\/users\/2"}],"replies":[{"embeddable":true,"href":"https:\/\/rotospace.pl\/de\/wp-json\/wp\/v2\/comments?post=1393"}],"version-history":[{"count":9,"href":"https:\/\/rotospace.pl\/de\/wp-json\/wp\/v2\/pages\/1393\/revisions"}],"predecessor-version":[{"id":1600,"href":"https:\/\/rotospace.pl\/de\/wp-json\/wp\/v2\/pages\/1393\/revisions\/1600"}],"wp:attachment":[{"href":"https:\/\/rotospace.pl\/de\/wp-json\/wp\/v2\/media?parent=1393"}],"curies":[{"name":"wp","href":"https:\/\/api.w.org\/{rel}","templated":true}]}}